{"id":5833,"date":"2020-05-11T18:09:23","date_gmt":"2020-05-11T16:09:23","guid":{"rendered":"https:\/\/italkem.it\/?page_id=5833"},"modified":"2020-05-18T15:54:44","modified_gmt":"2020-05-18T13:54:44","slug":"termini-e-condizioni","status":"publish","type":"page","link":"https:\/\/italkem.it\/it\/negozio\/termini-e-condizioni\/","title":{"rendered":"Termini e condizioni"},"content":{"rendered":"<p><b>Eseguire un ordine.<\/b><br \/>\nTutti gli ordini si eseguono online. Un ordine si intende perfezionato non appena il cliente riceve copia via email dell\u2019accettazione dello stesso. A tal proposito il cliente \u00e8 tenuto a verificare la Copia dell\u2019Ordine e comunicare tempestivamente qualsiasi errore. Per esigenze diverse \u00e8 possibile contattarci tramite i metodi riportati nella pagina Contatti di questo sito web.<\/p>\n<p><b>Prezzi e disponibilit\u00e0.<\/b><br \/>\nTutti i prezzi sono espressi in Euro e si intendono IVA e confezionamento inclusi.<br \/>\nLa disponibilit\u00e0 dei prodotti possono variare rapidamente al punto da non consentire l\u2019aggiornamento dell\u2019ecommerce, anche se in via del tutto eccezionale. In caso di non disponibilit\u00e0 di un prodotto ordinato sarete contattati e vi proporremo le seguenti opzioni:<br \/>\nsostituzione con un prodotto di vostra scelta,<br \/>\nemissione di un buono su futuro acquisto (in caso di pagamento anticipato).<br \/>\nIl peso pu\u00f2 variare tra un minimo e un massimo che si avviciner\u00e0 a quanto indicato nella descrizione del prodotto.<br \/>\nLe immagini proposte sul sito hanno il solo scopo di illustrare il prodotto e potrebbero mostrare differenze da ci\u00f2 che acquisterete.<\/p>\n<p><b>Pagamenti.<\/b><br \/>\nI pagamenti possono essere effettuati ad ordine ultimato nelle modalit\u00e0 indicate qui:<\/p>\n<ul>\n<li>carte di credito,<\/li>\n<li>bonifico bancario anticipato.<\/li>\n<\/ul>\n<p>Questo sito offre pi\u00f9 modalit\u00e0 per pagare il vostro ordine. In alcune circostanze potranno per\u00f2 non essere disponibili alcuni sistemi di pagamento a causa di interventi di assistenza o variazioni contrattuali con i nostri fornitori. Sar\u00e0 sempre disponibile almeno un sistema di pagamento.<\/p>\n<p><b>Fatturazione.<\/b><br \/>\nIn caso di acquisto da parte di possessori di Partita IVA seguir\u00e0 fattura via email (indicare codice SDI o PEC per la fatturazion elettronica).<br \/>\nQualora l\u2019acquirente, non titolare di Partita IVA richieda la fattura, la relativa sar\u00e0 disponibile nel cassetto fiscale e una copia di cortesia verr\u00e0 inviata via email.<\/p>\n<p><b>Buono sconto.<\/b><br \/>\nSe sei in possesso di un Buono Sconto potrai utilizzarlo in fase di acquisto inserendo il codice nella fase di checkout (prima del pagamento) in un campo ad esso dedicato. Alcuni Buoni Sconto non potranno essere utilizzati per l\u2019acquisto di prodotti posti gi\u00e0 in offerta.<br \/>\nOffriamo servizi per Rivenditori e Distributori. Per la scontistica riservata a questa tipologia di Cliente \u00e8 possibile scriverci tramite i form riportati su questo sito web.<br \/>\nL\u2019evasione degli ordini \u00e8 eseguita generalmente il giorno successivo al ricevimento dell\u2019ordine. Questa prassi pu\u00f2 per\u00f2 non essere rispettata in caso di elevato numero di ordini giornalieri.<br \/>\nLe spedizioni vengono effettuate dal luned\u00ec al venerd\u00ec fatta eccezione per le festivit\u00e0 ricadenti nei giorni feriali. In particolare, gli ordini pervenuti il gioved\u00ec e il venerd\u00ec potranno essere evasi il luned\u00ec successivo.<br \/>\nIn caso di ordini consistenti vi consigliamo di contattarci tramite i metodi indicati sul sito web alla pagina Contatti.<br \/>\nATTENZIONE! Nel caso in cui il pacco, al momento della consegna, dovesse presentare segni visibili di manomissione, si prega di accettare la merce apponendo la seguente dicitura sulla bolla del corriere: \u201caccettato con riserva di verifica del contenuto\u201d. Senza questa dicitura non potremmo farci carico di eventuali danni. In seguito, all&#8217;apertura del pacco, qualora si riscontrassero danni contattateci tramite i metodi previsti alla pagina Contatti del sito web.<br \/>\n<b><br \/>\nSpedizione.<\/b><br \/>\nLe spese di spedizione, se presenti, saranno indicate separatamente.<br \/>\nIl Corriere consegna i prodotti ordinati all&#8217;indirizzo di spedizione indicato in fase di registrazione. \u00c8 responsabilit\u00e0 del cliente controllare l\u2019esattezza dell\u2019indirizzo di spedizione pertanto non ci assumiamo responsabilit\u00e0 in caso di erroneo inserimento.<br \/>\nIl Corriere non effettua consegna all&#8217;uscio. La consegna alla porta \u00e8 subordinata alla discrezionalit\u00e0 del Corriere, che non pu\u00f2 lasciare incustodito il furgone utilizzato per fornire il servizio. Inoltre il Corriere non effettua consegne su appuntamento ad orari specifici.<br \/>\nSar\u00e0 nostra cura fare tutto il possibile affinch\u00e9 possa essere esaudita una Vostra richiesta particolare.<br \/>\nNon si effettuano consegne al di fuori del territorio italiano.<\/p>\n<p><b>Garanzia.<\/b><br \/>\nGli articoli sono coperti da una garanzia che ha durata di anni 2 (due), ai sensi dell\u2019art. 128 e seguenti del Codice del Consumo. Non sono per\u00f2 garantiti i danni provocati da cattivo uso e non ci riterremo responsabili per danni diretti o indiretti derivanti da un uso improprio dei prodotti da noi venduti. Le caratteristiche essenziali dei prodotti sono presenti su ciascuna scheda tecnica.<\/p>\n<div class=\"gmail_default\">\n<p>In caso di esercizio del diritto di recesso, ci riserviamo la facolt\u00e0 di non accettare la restituzione dei prodotti che siano stati alterati nelle loro caratteristiche essenziali e qualitative o che siano stati danneggiati.<\/p>\n<p><b>Diritto di recesso.<\/b><br \/>\nIl diritto di recedere dal contratto \u00e8 esercitabile senza alcuna penalit\u00e0 entro quattordici (14) giorni dal giorno del ricevimento dei prodotti acquistati su questo sito web.<br \/>\nPer recedere dal contratto occorre inviare un\u2019e-mail all&#8217;indirizzo info@italkem.it indicando chiaramente le generalit\u00e0, il numero d\u2019ordine, gli articoli resi e le motivazioni del reso. Le spese di spedizione sono a carico del Cliente, ivi compresa la responsabilit\u00e0 in caso di smarrimento o danneggiamento dei prodotti.<br \/>\nIl Diritto di Recesso, oltre al rispetto dei\u00a0<span class=\"il\">termini<\/span>\u00a0e delle modalit\u00e0 sopra descritte, si intende esercitato correttamente qualora siano interamente rispettate anche le seguenti condizioni:<\/p>\n<ul>\n<li>l\u2019e-mail deve essere correttamente compilata e trasmessa a info@italkem.it entro 14 giorni dal ricevimento dei prodotti;<\/li>\n<li>i prodotti non devono essere stati utilizzati, lavati o danneggiati;<\/li>\n<li>i prodotti devono essere restituiti integri, non utilizzati e nella loro confezione originale;<\/li>\n<li>i prodotti resi devono essere inviati a Italkem in una sola spedizione in quanto la stessa si riserva il diritto di non accettare prodotti di uno stesso ordine, resi e spediti in momenti diversi.<\/li>\n<\/ul>\n<p>Se il Diritto di Recesso \u00e8 esercitato seguendo le modalit\u00e0 ed i\u00a0<span class=\"il\">termini<\/span>\u00a0indicati in questo paragrafo, provvederemo a rimborsare le eventuali somme gi\u00e0 incassate per l\u2019acquisto dei prodotti, al netto delle spese di spedizione per la consegna dei prodotti acquistati. Le somme saranno rimborsate nel minore tempo possibile ed, in ogni caso, entro quindici (15) giorni dalla data in cui siamo venuti a conoscenza dell\u2019esercizio del diritto di recesso.<br \/>\nQualora non siano rispettate le modalit\u00e0 ed i\u00a0<span class=\"il\">termini<\/span>\u00a0per l\u2019esercizio del diritto di recesso, come specificato in questo paragrafo, non si avr\u00e0 diritto al rimborso delle somme gi\u00e0 corrisposte; tuttavia, si potranno riottenere, a spese del cliente i prodotti nello stato in cui sono stati restituiti.<br \/>\nIn caso contrario, potremo trattenere i prodotti oltre alle somme gi\u00e0 pagate per il loro acquisto.<\/p>\n<p><b>Controversie.<\/b><br \/>\nPer ogni controversia legale, ai sensi delle normative vigenti, il foro competente \u00e8 quello di Nome della Citt\u00e0.<\/p>\n<\/div>\n","protected":false},"excerpt":{"rendered":"<p>Eseguire un ordine. Tutti gli ordini si eseguono online. Un ordine si intende perfezionato non appena il cliente riceve copia<a class=\"excerpt-read-more\" href=\"https:\/\/italkem.it\/it\/negozio\/termini-e-condizioni\/\" title=\"ReadTermini e condizioni\">&#8230; Read more &raquo;<\/a><\/p>\n","protected":false},"author":1,"featured_media":0,"parent":5776,"menu_order":3,"comment_status":"closed","ping_status":"closed","template":"","meta":{"_acf_changed":false,"footnotes":""},"class_list":["post-5833","page","type-page","status-publish","hentry"],"acf":[],"yoast_head":"<!-- This site is optimized with the Yoast SEO plugin v26.8 - https:\/\/yoast.com\/product\/yoast-seo-wordpress\/ -->\n<title>Termini e condizioni - ITALKEM<\/title>\n<meta name=\"robots\" content=\"index, follow, max-snippet:-1, max-image-preview:large, max-video-preview:-1\" \/>\n<link rel=\"canonical\" href=\"https:\/\/italkem.it\/it\/negozio\/termini-e-condizioni\/\" \/>\n<meta property=\"og:locale\" content=\"it_IT\" \/>\n<meta property=\"og:type\" content=\"article\" \/>\n<meta property=\"og:title\" content=\"Termini e condizioni - ITALKEM\" \/>\n<meta property=\"og:description\" content=\"Eseguire un ordine. Tutti gli ordini si eseguono online. Un ordine si intende perfezionato non appena il cliente riceve copia... Read more &raquo;\" \/>\n<meta property=\"og:url\" content=\"https:\/\/italkem.it\/it\/negozio\/termini-e-condizioni\/\" \/>\n<meta property=\"og:site_name\" content=\"ITALKEM\" \/>\n<meta property=\"article:modified_time\" content=\"2020-05-18T13:54:44+00:00\" \/>\n<meta property=\"og:image\" content=\"https:\/\/italkem.it\/wp-content\/uploads\/boat_1.jpg\" \/>\n\t<meta property=\"og:image:width\" content=\"1920\" \/>\n\t<meta property=\"og:image:height\" content=\"1280\" \/>\n\t<meta property=\"og:image:type\" content=\"image\/jpeg\" \/>\n<meta name=\"twitter:card\" content=\"summary_large_image\" \/>\n<meta name=\"twitter:label1\" content=\"Tempo di lettura stimato\" \/>\n\t<meta name=\"twitter:data1\" content=\"5 minuti\" \/>\n<script type=\"application\/ld+json\" class=\"yoast-schema-graph\">{\"@context\":\"https:\/\/schema.org\",\"@graph\":[{\"@type\":\"WebPage\",\"@id\":\"https:\/\/italkem.it\/it\/negozio\/termini-e-condizioni\/\",\"url\":\"https:\/\/italkem.it\/it\/negozio\/termini-e-condizioni\/\",\"name\":\"Termini e condizioni - ITALKEM\",\"isPartOf\":{\"@id\":\"https:\/\/italkem.it\/it\/#website\"},\"datePublished\":\"2020-05-11T16:09:23+00:00\",\"dateModified\":\"2020-05-18T13:54:44+00:00\",\"breadcrumb\":{\"@id\":\"https:\/\/italkem.it\/it\/negozio\/termini-e-condizioni\/#breadcrumb\"},\"inLanguage\":\"it-IT\",\"potentialAction\":[{\"@type\":\"ReadAction\",\"target\":[\"https:\/\/italkem.it\/it\/negozio\/termini-e-condizioni\/\"]}]},{\"@type\":\"BreadcrumbList\",\"@id\":\"https:\/\/italkem.it\/it\/negozio\/termini-e-condizioni\/#breadcrumb\",\"itemListElement\":[{\"@type\":\"ListItem\",\"position\":1,\"name\":\"\",\"item\":\"https:\/\/italkem.it\/it\/\"},{\"@type\":\"ListItem\",\"position\":2,\"name\":\"Shop\",\"item\":\"https:\/\/italkem.it\/it\/negozio\/\"},{\"@type\":\"ListItem\",\"position\":3,\"name\":\"Termini e condizioni\"}]},{\"@type\":\"WebSite\",\"@id\":\"https:\/\/italkem.it\/it\/#website\",\"url\":\"https:\/\/italkem.it\/it\/\",\"name\":\"ITALKEM\",\"description\":\"\",\"publisher\":{\"@id\":\"https:\/\/italkem.it\/it\/#organization\"},\"potentialAction\":[{\"@type\":\"SearchAction\",\"target\":{\"@type\":\"EntryPoint\",\"urlTemplate\":\"https:\/\/italkem.it\/it\/?s={search_term_string}\"},\"query-input\":{\"@type\":\"PropertyValueSpecification\",\"valueRequired\":true,\"valueName\":\"search_term_string\"}}],\"inLanguage\":\"it-IT\"},{\"@type\":\"Organization\",\"@id\":\"https:\/\/italkem.it\/it\/#organization\",\"name\":\"ITALKEM\",\"url\":\"https:\/\/italkem.it\/it\/\",\"logo\":{\"@type\":\"ImageObject\",\"inLanguage\":\"it-IT\",\"@id\":\"https:\/\/italkem.it\/it\/#\/schema\/logo\/image\/\",\"url\":\"https:\/\/italkem.it\/wp-content\/uploads\/logo_italkem.png\",\"contentUrl\":\"https:\/\/italkem.it\/wp-content\/uploads\/logo_italkem.png\",\"width\":341,\"height\":96,\"caption\":\"ITALKEM\"},\"image\":{\"@id\":\"https:\/\/italkem.it\/it\/#\/schema\/logo\/image\/\"}}]}<\/script>\n<!-- \/ Yoast SEO plugin. -->","yoast_head_json":{"title":"Termini e condizioni - ITALKEM","robots":{"index":"index","follow":"follow","max-snippet":"max-snippet:-1","max-image-preview":"max-image-preview:large","max-video-preview":"max-video-preview:-1"},"canonical":"https:\/\/italkem.it\/it\/negozio\/termini-e-condizioni\/","og_locale":"it_IT","og_type":"article","og_title":"Termini e condizioni - ITALKEM","og_description":"Eseguire un ordine. Tutti gli ordini si eseguono online. Un ordine si intende perfezionato non appena il cliente riceve copia... Read more &raquo;","og_url":"https:\/\/italkem.it\/it\/negozio\/termini-e-condizioni\/","og_site_name":"ITALKEM","article_modified_time":"2020-05-18T13:54:44+00:00","og_image":[{"width":1920,"height":1280,"url":"https:\/\/italkem.it\/wp-content\/uploads\/boat_1.jpg","type":"image\/jpeg"}],"twitter_card":"summary_large_image","twitter_misc":{"Tempo di lettura stimato":"5 minuti"},"schema":{"@context":"https:\/\/schema.org","@graph":[{"@type":"WebPage","@id":"https:\/\/italkem.it\/it\/negozio\/termini-e-condizioni\/","url":"https:\/\/italkem.it\/it\/negozio\/termini-e-condizioni\/","name":"Termini e condizioni - ITALKEM","isPartOf":{"@id":"https:\/\/italkem.it\/it\/#website"},"datePublished":"2020-05-11T16:09:23+00:00","dateModified":"2020-05-18T13:54:44+00:00","breadcrumb":{"@id":"https:\/\/italkem.it\/it\/negozio\/termini-e-condizioni\/#breadcrumb"},"inLanguage":"it-IT","potentialAction":[{"@type":"ReadAction","target":["https:\/\/italkem.it\/it\/negozio\/termini-e-condizioni\/"]}]},{"@type":"BreadcrumbList","@id":"https:\/\/italkem.it\/it\/negozio\/termini-e-condizioni\/#breadcrumb","itemListElement":[{"@type":"ListItem","position":1,"name":"","item":"https:\/\/italkem.it\/it\/"},{"@type":"ListItem","position":2,"name":"Shop","item":"https:\/\/italkem.it\/it\/negozio\/"},{"@type":"ListItem","position":3,"name":"Termini e condizioni"}]},{"@type":"WebSite","@id":"https:\/\/italkem.it\/it\/#website","url":"https:\/\/italkem.it\/it\/","name":"ITALKEM","description":"","publisher":{"@id":"https:\/\/italkem.it\/it\/#organization"},"potentialAction":[{"@type":"SearchAction","target":{"@type":"EntryPoint","urlTemplate":"https:\/\/italkem.it\/it\/?s={search_term_string}"},"query-input":{"@type":"PropertyValueSpecification","valueRequired":true,"valueName":"search_term_string"}}],"inLanguage":"it-IT"},{"@type":"Organization","@id":"https:\/\/italkem.it\/it\/#organization","name":"ITALKEM","url":"https:\/\/italkem.it\/it\/","logo":{"@type":"ImageObject","inLanguage":"it-IT","@id":"https:\/\/italkem.it\/it\/#\/schema\/logo\/image\/","url":"https:\/\/italkem.it\/wp-content\/uploads\/logo_italkem.png","contentUrl":"https:\/\/italkem.it\/wp-content\/uploads\/logo_italkem.png","width":341,"height":96,"caption":"ITALKEM"},"image":{"@id":"https:\/\/italkem.it\/it\/#\/schema\/logo\/image\/"}}]}},"_links":{"self":[{"href":"https:\/\/italkem.it\/it\/wp-json\/wp\/v2\/pages\/5833","targetHints":{"allow":["GET"]}}],"collection":[{"href":"https:\/\/italkem.it\/it\/wp-json\/wp\/v2\/pages"}],"about":[{"href":"https:\/\/italkem.it\/it\/wp-json\/wp\/v2\/types\/page"}],"author":[{"embeddable":true,"href":"https:\/\/italkem.it\/it\/wp-json\/wp\/v2\/users\/1"}],"replies":[{"embeddable":true,"href":"https:\/\/italkem.it\/it\/wp-json\/wp\/v2\/comments?post=5833"}],"version-history":[{"count":0,"href":"https:\/\/italkem.it\/it\/wp-json\/wp\/v2\/pages\/5833\/revisions"}],"up":[{"embeddable":true,"href":"https:\/\/italkem.it\/it\/wp-json\/wp\/v2\/pages\/5776"}],"wp:attachment":[{"href":"https:\/\/italkem.it\/it\/wp-json\/wp\/v2\/media?parent=5833"}],"curies":[{"name":"wp","href":"https:\/\/api.w.org\/{rel}","templated":true}]}}