{"id":41,"date":"2018-12-16T17:58:00","date_gmt":"2018-12-16T16:58:00","guid":{"rendered":"https:\/\/italkem.it\/?page_id=41"},"modified":"2022-04-07T22:40:38","modified_gmt":"2022-04-07T20:40:38","slug":"chi-siamo","status":"publish","type":"page","link":"https:\/\/italkem.it\/it\/chi-siamo\/","title":{"rendered":"Chi siamo"},"content":{"rendered":"<p>La Italkem Srl \u00e8 un\u2019affermata azienda leader nel settore dei prodotti chimici per edilizia professionale ed industriali, una societ\u00e0 che risolve e propone sempre soluzioni ottimali grazie all&#8217;altissima specializzazione ed esperienza dei suoi tecnici che, unitamente al background acquisito, sono in grado di soddisfare sempre le varie richieste e problematiche.<\/p>\n<p><img decoding=\"async\" class=\"wp-image-4869 aligncenter\" src=\"http:\/\/italkem.it\/wp-content\/uploads\/20181204_113604-1-300x169.jpg\" alt=\"\" width=\"833\" height=\"469\" srcset=\"https:\/\/italkem.it\/wp-content\/uploads\/20181204_113604-1-300x169.jpg 300w, https:\/\/italkem.it\/wp-content\/uploads\/20181204_113604-1-600x338.jpg 600w, https:\/\/italkem.it\/wp-content\/uploads\/20181204_113604-1-768x432.jpg 768w, https:\/\/italkem.it\/wp-content\/uploads\/20181204_113604-1-1024x576.jpg 1024w, https:\/\/italkem.it\/wp-content\/uploads\/20181204_113604-1.jpg 1920w\" sizes=\"(max-width: 833px) 100vw, 833px\" \/><\/p>\n<p>Fondamentale l\u2019ubicazione in una posizione strategica al centro del triangolo industriale del nord-ovest, a circa 1 km. dall&#8217;uscita del casello autostradale di Castelnuovo Scrivia. L\u2019unit\u00e0 produttiva consta di un capannone industriale di 3.000 mq. coperti, adibiti per una met\u00e0 alla produzione e per l\u2019altra met\u00e0 allo stoccaggio dei prodotti finiti. Lo stabilimento si completa infine con 250 mq. di uffici e laboratori di ricerca e sviluppo che unitamente ai 7.000 mq. scoperti garantiscono alla Italkem Srl la possibilit\u00e0 di poter crescere in maniera ottimale negli anni a venire.<\/p>\n<p>I prodotti della Italkem Srl ricoprono l\u2019intera gamma dei settori relativi agli adesivi e sigillanti, alle pavimentazioni industriali, ai pavimenti in legno, alle moquettes ed ai resilienti fino al trattamento dei materiali lapidei e degli additivi per calcestruzzi.<\/p>\n<p>Il processo di produzione \u00e8 assistito da un sistema di assicurazione qualit\u00e0 conforme alla normativa ISO 9001; inoltre ogni singolo componente risponde ai requisiti necessari in materia di sicurezza e protezione ambientale.<\/p>\n<p>Ogni formula \u00e8 oggetto di controlli in uscita e costantemente revisionato nel tempo.<\/p>\n<p>Particolare attenzione \u00e8 rivolta a: classificazione di pericolosit\u00e0, imballo, etichettatura, modalit\u00e0 d\u2019impiego e dosaggi.<\/p>\n<p>Italkem Srl \u00e8 presente su tutto il territorio nazionale, grazie all\u2019ausilio di tecnici commerciali formati non solo alla vendita ma anche al \u201cproblem solving\u201d, garantendo alla clientela una continua ed efficace attivit\u00e0 di assistenza tecnica a supporto dei propri prodotti.<\/p>\n<p>I nostri tecnici sono costantemente impegnati nella ricerca e sviluppo al fine di creare prodotti sempre all\u2019avanguardia e soprattutto in completa sintonia con quelle che sono le normative a tutela dell\u2019ambiente e della responsabilit\u00e0 civile.<\/p>\n","protected":false},"excerpt":{"rendered":"<p>La Italkem Srl \u00e8 un\u2019affermata azienda leader nel settore dei prodotti chimici per edilizia professionale ed industriali, una societ\u00e0 che<a class=\"excerpt-read-more\" href=\"https:\/\/italkem.it\/it\/chi-siamo\/\" title=\"ReadChi siamo\">&#8230; Read more &raquo;<\/a><\/p>\n","protected":false},"author":1,"featured_media":4841,"parent":0,"menu_order":44,"comment_status":"closed","ping_status":"closed","template":"","meta":{"_acf_changed":false,"footnotes":""},"class_list":["post-41","page","type-page","status-publish","has-post-thumbnail","hentry"],"acf":[],"yoast_head":"<!-- This site is optimized with the Yoast SEO plugin v26.8 - https:\/\/yoast.com\/product\/yoast-seo-wordpress\/ -->\n<title>Prodotti eco sostenibili per navale, industria, edile e infrastrutture - Italkem<\/title>\n<meta name=\"description\" content=\"Leader nel settore dei prodotti chimici per edilizia professionale e industria: adesivi, sigillanti, resilienti, additivi per calcestruzzi.\" \/>\n<meta name=\"robots\" content=\"index, follow, max-snippet:-1, max-image-preview:large, max-video-preview:-1\" \/>\n<link rel=\"canonical\" href=\"https:\/\/italkem.it\/it\/chi-siamo\/\" \/>\n<meta property=\"og:locale\" content=\"it_IT\" \/>\n<meta property=\"og:type\" content=\"article\" \/>\n<meta property=\"og:title\" content=\"Prodotti eco sostenibili per navale, industria, edile e infrastrutture - Italkem\" \/>\n<meta property=\"og:description\" content=\"Leader nel settore dei prodotti chimici per edilizia professionale e industria: adesivi, sigillanti, resilienti, additivi per calcestruzzi.\" \/>\n<meta property=\"og:url\" content=\"https:\/\/italkem.it\/it\/chi-siamo\/\" \/>\n<meta property=\"og:site_name\" content=\"ITALKEM\" \/>\n<meta property=\"article:modified_time\" content=\"2022-04-07T20:40:38+00:00\" \/>\n<meta property=\"og:image\" content=\"https:\/\/italkem.it\/wp-content\/uploads\/20181204_113703.jpg\" \/>\n\t<meta property=\"og:image:width\" content=\"1920\" \/>\n\t<meta property=\"og:image:height\" content=\"1030\" \/>\n\t<meta property=\"og:image:type\" content=\"image\/jpeg\" \/>\n<meta name=\"twitter:card\" content=\"summary_large_image\" \/>\n<meta name=\"twitter:label1\" content=\"Tempo di lettura stimato\" \/>\n\t<meta name=\"twitter:data1\" content=\"2 minuti\" \/>\n<script type=\"application\/ld+json\" class=\"yoast-schema-graph\">{\"@context\":\"https:\/\/schema.org\",\"@graph\":[{\"@type\":\"WebPage\",\"@id\":\"https:\/\/italkem.it\/it\/chi-siamo\/\",\"url\":\"https:\/\/italkem.it\/it\/chi-siamo\/\",\"name\":\"Prodotti eco sostenibili per navale, industria, edile e infrastrutture - Italkem\",\"isPartOf\":{\"@id\":\"https:\/\/italkem.it\/it\/#website\"},\"primaryImageOfPage\":{\"@id\":\"https:\/\/italkem.it\/it\/chi-siamo\/#primaryimage\"},\"image\":{\"@id\":\"https:\/\/italkem.it\/it\/chi-siamo\/#primaryimage\"},\"thumbnailUrl\":\"https:\/\/italkem.it\/wp-content\/uploads\/20181204_113703.jpg\",\"datePublished\":\"2018-12-16T16:58:00+00:00\",\"dateModified\":\"2022-04-07T20:40:38+00:00\",\"description\":\"Leader nel settore dei prodotti chimici per edilizia professionale e industria: adesivi, sigillanti, resilienti, additivi per calcestruzzi.\",\"breadcrumb\":{\"@id\":\"https:\/\/italkem.it\/it\/chi-siamo\/#breadcrumb\"},\"inLanguage\":\"it-IT\",\"potentialAction\":[{\"@type\":\"ReadAction\",\"target\":[\"https:\/\/italkem.it\/it\/chi-siamo\/\"]}]},{\"@type\":\"ImageObject\",\"inLanguage\":\"it-IT\",\"@id\":\"https:\/\/italkem.it\/it\/chi-siamo\/#primaryimage\",\"url\":\"https:\/\/italkem.it\/wp-content\/uploads\/20181204_113703.jpg\",\"contentUrl\":\"https:\/\/italkem.it\/wp-content\/uploads\/20181204_113703.jpg\",\"width\":1920,\"height\":1030},{\"@type\":\"BreadcrumbList\",\"@id\":\"https:\/\/italkem.it\/it\/chi-siamo\/#breadcrumb\",\"itemListElement\":[{\"@type\":\"ListItem\",\"position\":1,\"name\":\"\",\"item\":\"https:\/\/italkem.it\/it\/\"},{\"@type\":\"ListItem\",\"position\":2,\"name\":\"Chi siamo\"}]},{\"@type\":\"WebSite\",\"@id\":\"https:\/\/italkem.it\/it\/#website\",\"url\":\"https:\/\/italkem.it\/it\/\",\"name\":\"ITALKEM\",\"description\":\"\",\"publisher\":{\"@id\":\"https:\/\/italkem.it\/it\/#organization\"},\"potentialAction\":[{\"@type\":\"SearchAction\",\"target\":{\"@type\":\"EntryPoint\",\"urlTemplate\":\"https:\/\/italkem.it\/it\/?s={search_term_string}\"},\"query-input\":{\"@type\":\"PropertyValueSpecification\",\"valueRequired\":true,\"valueName\":\"search_term_string\"}}],\"inLanguage\":\"it-IT\"},{\"@type\":\"Organization\",\"@id\":\"https:\/\/italkem.it\/it\/#organization\",\"name\":\"ITALKEM\",\"url\":\"https:\/\/italkem.it\/it\/\",\"logo\":{\"@type\":\"ImageObject\",\"inLanguage\":\"it-IT\",\"@id\":\"https:\/\/italkem.it\/it\/#\/schema\/logo\/image\/\",\"url\":\"https:\/\/italkem.it\/wp-content\/uploads\/logo_italkem.png\",\"contentUrl\":\"https:\/\/italkem.it\/wp-content\/uploads\/logo_italkem.png\",\"width\":341,\"height\":96,\"caption\":\"ITALKEM\"},\"image\":{\"@id\":\"https:\/\/italkem.it\/it\/#\/schema\/logo\/image\/\"}}]}<\/script>\n<!-- \/ Yoast SEO plugin. -->","yoast_head_json":{"title":"Prodotti eco sostenibili per navale, industria, edile e infrastrutture - Italkem","description":"Leader nel settore dei prodotti chimici per edilizia professionale e industria: adesivi, sigillanti, resilienti, additivi per calcestruzzi.","robots":{"index":"index","follow":"follow","max-snippet":"max-snippet:-1","max-image-preview":"max-image-preview:large","max-video-preview":"max-video-preview:-1"},"canonical":"https:\/\/italkem.it\/it\/chi-siamo\/","og_locale":"it_IT","og_type":"article","og_title":"Prodotti eco sostenibili per navale, industria, edile e infrastrutture - Italkem","og_description":"Leader nel settore dei prodotti chimici per edilizia professionale e industria: adesivi, sigillanti, resilienti, additivi per calcestruzzi.","og_url":"https:\/\/italkem.it\/it\/chi-siamo\/","og_site_name":"ITALKEM","article_modified_time":"2022-04-07T20:40:38+00:00","og_image":[{"width":1920,"height":1030,"url":"https:\/\/italkem.it\/wp-content\/uploads\/20181204_113703.jpg","type":"image\/jpeg"}],"twitter_card":"summary_large_image","twitter_misc":{"Tempo di lettura stimato":"2 minuti"},"schema":{"@context":"https:\/\/schema.org","@graph":[{"@type":"WebPage","@id":"https:\/\/italkem.it\/it\/chi-siamo\/","url":"https:\/\/italkem.it\/it\/chi-siamo\/","name":"Prodotti eco sostenibili per navale, industria, edile e infrastrutture - Italkem","isPartOf":{"@id":"https:\/\/italkem.it\/it\/#website"},"primaryImageOfPage":{"@id":"https:\/\/italkem.it\/it\/chi-siamo\/#primaryimage"},"image":{"@id":"https:\/\/italkem.it\/it\/chi-siamo\/#primaryimage"},"thumbnailUrl":"https:\/\/italkem.it\/wp-content\/uploads\/20181204_113703.jpg","datePublished":"2018-12-16T16:58:00+00:00","dateModified":"2022-04-07T20:40:38+00:00","description":"Leader nel settore dei prodotti chimici per edilizia professionale e industria: adesivi, sigillanti, resilienti, additivi per calcestruzzi.","breadcrumb":{"@id":"https:\/\/italkem.it\/it\/chi-siamo\/#breadcrumb"},"inLanguage":"it-IT","potentialAction":[{"@type":"ReadAction","target":["https:\/\/italkem.it\/it\/chi-siamo\/"]}]},{"@type":"ImageObject","inLanguage":"it-IT","@id":"https:\/\/italkem.it\/it\/chi-siamo\/#primaryimage","url":"https:\/\/italkem.it\/wp-content\/uploads\/20181204_113703.jpg","contentUrl":"https:\/\/italkem.it\/wp-content\/uploads\/20181204_113703.jpg","width":1920,"height":1030},{"@type":"BreadcrumbList","@id":"https:\/\/italkem.it\/it\/chi-siamo\/#breadcrumb","itemListElement":[{"@type":"ListItem","position":1,"name":"","item":"https:\/\/italkem.it\/it\/"},{"@type":"ListItem","position":2,"name":"Chi siamo"}]},{"@type":"WebSite","@id":"https:\/\/italkem.it\/it\/#website","url":"https:\/\/italkem.it\/it\/","name":"ITALKEM","description":"","publisher":{"@id":"https:\/\/italkem.it\/it\/#organization"},"potentialAction":[{"@type":"SearchAction","target":{"@type":"EntryPoint","urlTemplate":"https:\/\/italkem.it\/it\/?s={search_term_string}"},"query-input":{"@type":"PropertyValueSpecification","valueRequired":true,"valueName":"search_term_string"}}],"inLanguage":"it-IT"},{"@type":"Organization","@id":"https:\/\/italkem.it\/it\/#organization","name":"ITALKEM","url":"https:\/\/italkem.it\/it\/","logo":{"@type":"ImageObject","inLanguage":"it-IT","@id":"https:\/\/italkem.it\/it\/#\/schema\/logo\/image\/","url":"https:\/\/italkem.it\/wp-content\/uploads\/logo_italkem.png","contentUrl":"https:\/\/italkem.it\/wp-content\/uploads\/logo_italkem.png","width":341,"height":96,"caption":"ITALKEM"},"image":{"@id":"https:\/\/italkem.it\/it\/#\/schema\/logo\/image\/"}}]}},"_links":{"self":[{"href":"https:\/\/italkem.it\/it\/wp-json\/wp\/v2\/pages\/41","targetHints":{"allow":["GET"]}}],"collection":[{"href":"https:\/\/italkem.it\/it\/wp-json\/wp\/v2\/pages"}],"about":[{"href":"https:\/\/italkem.it\/it\/wp-json\/wp\/v2\/types\/page"}],"author":[{"embeddable":true,"href":"https:\/\/italkem.it\/it\/wp-json\/wp\/v2\/users\/1"}],"replies":[{"embeddable":true,"href":"https:\/\/italkem.it\/it\/wp-json\/wp\/v2\/comments?post=41"}],"version-history":[{"count":0,"href":"https:\/\/italkem.it\/it\/wp-json\/wp\/v2\/pages\/41\/revisions"}],"wp:featuredmedia":[{"embeddable":true,"href":"https:\/\/italkem.it\/it\/wp-json\/wp\/v2\/media\/4841"}],"wp:attachment":[{"href":"https:\/\/italkem.it\/it\/wp-json\/wp\/v2\/media?parent=41"}],"curies":[{"name":"wp","href":"https:\/\/api.w.org\/{rel}","templated":true}]}}